{"id":2613,"date":"2022-10-13T12:21:36","date_gmt":"2022-10-13T12:21:36","guid":{"rendered":"https:\/\/jioia.fr\/?page_id=2613"},"modified":"2026-02-19T08:51:13","modified_gmt":"2026-02-19T08:51:13","slug":"contact","status":"publish","type":"page","link":"http:\/\/jioia.fr\/?page_id=2613","title":{"rendered":"Contact"},"content":{"rendered":"<section class=\"wpb-content-wrapper\"><p>[vc_row][vc_column]<div id=\"ultimate-heading-257369d290de95ea5\" class=\"uvc-heading ult-adjust-bottom-margin ultimate-heading-257369d290de95ea5 uvc-3809  uvc-heading-default-font-sizes\" data-hspacer=\"no_spacer\"  data-halign=\"center\" style=\"text-align:center\"><div class=\"uvc-heading-spacer no_spacer\" style=\"top\"><\/div><div class=\"uvc-main-heading ult-responsive\"  data-ultimate-target='.uvc-heading.ultimate-heading-257369d290de95ea5 h2'  data-responsive-json-new='{\"font-size\":\"\",\"line-height\":\"\"}' ><h2 style=\"--font-weight:theme;\">Lieu d'atelier possible <\/h2><\/div><div class=\"uvc-sub-heading ult-responsive\"  data-ultimate-target='.uvc-heading.ultimate-heading-257369d290de95ea5 .uvc-sub-heading '  data-responsive-json-new='{\"font-size\":\"\",\"line-height\":\"\"}'  style=\"font-weight:normal;\"><\/p>\n<p><strong>R\u00e9gion Champagne Ardenne<\/strong><\/p>\n<p><\/div><\/div>[vc_column_text]<p><\/p>\n[\/vc_column_text][vc_column_text]<div class=\"wpforms-container wpforms-container-full\" id=\"wpforms-2751\"><form id=\"wpforms-form-2751\" class=\"wpforms-validate wpforms-form wpforms-ajax-form\" data-formid=\"2751\" method=\"post\" enctype=\"multipart\/form-data\" action=\"\/index.php?rest_route=%2Fwp%2Fv2%2Fpages%2F2613\" data-token=\"4c9d4859799e1804b52cc86751b6bec8\"><noscript class=\"wpforms-error-noscript\">Veuillez activer JavaScript dans votre navigateur pour remplir ce formulaire.<\/noscript><div class=\"wpforms-field-container\"><div id=\"wpforms-2751-field_0-container\" class=\"wpforms-field wpforms-field-name\" data-field-id=\"0\"><label class=\"wpforms-field-label\" for=\"wpforms-2751-field_0\">Nom <span class=\"wpforms-required-label\">*<\/span><\/label><input type=\"text\" id=\"wpforms-2751-field_0\" class=\"wpforms-field-small wpforms-field-required\" name=\"wpforms[fields][0]\" required><\/div><div id=\"wpforms-2751-field_7-container\" class=\"wpforms-field wpforms-field-text\" data-field-id=\"7\"><label class=\"wpforms-field-label\" for=\"wpforms-2751-field_7\">Entreprise<\/label><input type=\"text\" id=\"wpforms-2751-field_7\" class=\"wpforms-field-small\" name=\"wpforms[fields][7]\" ><\/div><div id=\"wpforms-2751-field_8-container\" class=\"wpforms-field wpforms-field-text\" data-field-id=\"8\"><label class=\"wpforms-field-label\" for=\"wpforms-2751-field_8\">Adresse<\/label><input type=\"text\" id=\"wpforms-2751-field_8\" class=\"wpforms-field-medium\" name=\"wpforms[fields][8]\" ><\/div><div id=\"wpforms-2751-field_3-container\" class=\"wpforms-field wpforms-field-text\" data-field-id=\"3\"><label class=\"wpforms-field-label\" for=\"wpforms-2751-field_3\">T\u00e9l\u00e9phone <span class=\"wpforms-required-label\">*<\/span><\/label><input type=\"text\" id=\"wpforms-2751-field_3\" class=\"wpforms-field-small wpforms-field-required\" name=\"wpforms[fields][3]\" required><\/div><div id=\"wpforms-2751-field_1-container\" class=\"wpforms-field wpforms-field-email\" data-field-id=\"1\"><label class=\"wpforms-field-label\" for=\"wpforms-2751-field_1\">E-mail <span class=\"wpforms-required-label\">*<\/span><\/label><input type=\"email\" id=\"wpforms-2751-field_1\" class=\"wpforms-field-small wpforms-field-required\" name=\"wpforms[fields][1]\" required><\/div><div id=\"wpforms-2751-field_9-container\" class=\"wpforms-field wpforms-field-select wpforms-field-select-style-classic\" data-field-id=\"9\"><label class=\"wpforms-field-label\" for=\"wpforms-2751-field_9\">La demande concerne quel atelier ? <span class=\"wpforms-required-label\">*<\/span><\/label><select id=\"wpforms-2751-field_9\" class=\"wpforms-field-medium wpforms-field-required\" name=\"wpforms[fields][9]\" required=\"required\"><option value=\"1. Go\u00fbter et petit-d\u00e9jeuner \u2013 \u00c9cole \u00e9l\u00e9mentaire\" >1. Go\u00fbter et petit-d\u00e9jeuner \u2013 \u00c9cole \u00e9l\u00e9mentaire<\/option><option value=\"2. Alimentation, \u00e9motions et stress \u2013 Adolescents\" >2. Alimentation, \u00e9motions et stress \u2013 Adolescents<\/option><option value=\"3. Pr\u00e9paration aux examens \u2013 Adolescents &amp; \u00e9tudiants\" >3. Pr\u00e9paration aux examens \u2013 Adolescents &amp; \u00e9tudiants<\/option><option value=\"4. Alimentation \u00e9motionnelle \u2013 Adultes\" >4. Alimentation \u00e9motionnelle \u2013 Adultes<\/option><option value=\"5. Stress, fatigue et charge mentale \u2013 Adultes\" >5. Stress, fatigue et charge mentale \u2013 Adultes<\/option><option value=\"6. Pr\u00e9venir la d\u00e9nutrition \u2013 Seniors\" >6. Pr\u00e9venir la d\u00e9nutrition \u2013 Seniors<\/option><option value=\"7. M\u00e9moire, concentration et alimentation \u2013 Seniors\" >7. M\u00e9moire, concentration et alimentation \u2013 Seniors<\/option><option value=\"8. Alimentation, \u00e9motions et isolement \u2013 Seniors\" >8. Alimentation, \u00e9motions et isolement \u2013 Seniors<\/option><option value=\"9. Alimentation et r\u00e9gulation \u00e9motionnelle \u2013 Structures de sant\u00e9\" >9. Alimentation et r\u00e9gulation \u00e9motionnelle \u2013 Structures de sant\u00e9<\/option><option value=\"10. Stress, fatigue et r\u00e9cup\u00e9ration \u2013 Structures de sant\u00e9\" >10. Stress, fatigue et r\u00e9cup\u00e9ration \u2013 Structures de sant\u00e9<\/option><\/select><\/div><div id=\"wpforms-2751-field_6-container\" class=\"wpforms-field wpforms-field-number\" data-field-id=\"6\"><label class=\"wpforms-field-label\" for=\"wpforms-2751-field_6\">Nombre de personnes<\/label><input type=\"number\" pattern=\"\\d*\" id=\"wpforms-2751-field_6\" class=\"wpforms-field-small\" name=\"wpforms[fields][6]\" ><\/div><div id=\"wpforms-2751-field_2-container\" class=\"wpforms-field wpforms-field-textarea\" data-field-id=\"2\"><label class=\"wpforms-field-label\" for=\"wpforms-2751-field_2\">Commentaire ou message<\/label><textarea id=\"wpforms-2751-field_2\" class=\"wpforms-field-medium\" name=\"wpforms[fields][2]\" ><\/textarea><\/div><\/div><div class=\"wpforms-submit-container\"><input type=\"hidden\" name=\"wpforms[id]\" value=\"2751\"><input type=\"hidden\" name=\"wpforms[author]\" value=\"1\"><button type=\"submit\" name=\"wpforms[submit]\" id=\"wpforms-submit-2751\" class=\"wpforms-submit\" data-alt-text=\"Envoi...\" data-submit-text=\"Envoyer\" aria-live=\"assertive\" value=\"wpforms-submit\">Envoyer<\/button><img loading=\"lazy\" decoding=\"async\" src=\"http:\/\/jioia.fr\/wp-content\/plugins\/wpforms-lite\/assets\/images\/submit-spin.svg\" class=\"wpforms-submit-spinner\" style=\"display: none;\" width=\"26\" height=\"26\" alt=\"Chargement en cours\"><\/div><\/form><\/div>  <!-- .wpforms-container -->[\/vc_column_text][\/vc_column][\/vc_row]<\/p>\n<\/section>","protected":false},"excerpt":{"rendered":"<p>[vc_row][vc_column][vc_column_text][\/vc_column_text][vc_column_text][\/vc_column_text][\/vc_column][\/vc_row]<\/p>\n","protected":false},"author":1,"featured_media":0,"parent":0,"menu_order":0,"comment_status":"closed","ping_status":"closed","template":"","meta":{"inline_featured_image":false,"footnotes":""},"class_list":["post-2613","page","type-page","status-publish","hentry","description-off"],"_links":{"self":[{"href":"http:\/\/jioia.fr\/index.php?rest_route=\/wp\/v2\/pages\/2613","targetHints":{"allow":["GET"]}}],"collection":[{"href":"http:\/\/jioia.fr\/index.php?rest_route=\/wp\/v2\/pages"}],"about":[{"href":"http:\/\/jioia.fr\/index.php?rest_route=\/wp\/v2\/types\/page"}],"author":[{"embeddable":true,"href":"http:\/\/jioia.fr\/index.php?rest_route=\/wp\/v2\/users\/1"}],"replies":[{"embeddable":true,"href":"http:\/\/jioia.fr\/index.php?rest_route=%2Fwp%2Fv2%2Fcomments&post=2613"}],"version-history":[{"count":3,"href":"http:\/\/jioia.fr\/index.php?rest_route=\/wp\/v2\/pages\/2613\/revisions"}],"predecessor-version":[{"id":3005,"href":"http:\/\/jioia.fr\/index.php?rest_route=\/wp\/v2\/pages\/2613\/revisions\/3005"}],"wp:attachment":[{"href":"http:\/\/jioia.fr\/index.php?rest_route=%2Fwp%2Fv2%2Fmedia&parent=2613"}],"curies":[{"name":"wp","href":"https:\/\/api.w.org\/{rel}","templated":true}]}}